{"id":1467,"date":"2019-11-11T04:48:57","date_gmt":"2019-11-11T10:48:57","guid":{"rendered":"https:\/\/tvnotiblog.com\/derealitys\/?page_id=1467"},"modified":"2025-03-10T00:34:00","modified_gmt":"2025-03-10T06:34:00","slug":"realitys-en-mexico","status":"publish","type":"page","link":"https:\/\/tvnotiblog.com\/derealitys\/","title":{"rendered":"Realitys en M\u00e9xico"},"content":{"rendered":"\n<p>Archivo de Realitys en M\u00e9xico:<\/p>\n\n\n\n<p>La Voz &#8211; Kids, Peque\u00f1os Gigantes, Buscando a Timbiriche la Nueva Banda, High School Musical, La Academia, Parodiando, Bailando por un sue\u00f1o, 1er Campeonato Internacional de Baile, \u00bfCu\u00e1nto quieres perder?, Latin American Idol, Disco de Oro, Los 5 Magn\u00edficos, El Show de los Sue\u00f1os (Amigos del Alma, Sangre de mi Sangre), Hazme Re\u00edr<\/p>\n\n\n\n<figure class=\"wp-block-table aligncenter is-style-regular\"><table class=\"has-fixed-layout\"><tbody><tr><td><a href=\"https:\/\/tvlogia.com\/la-voz-kids-mexico-coaches-y-fotos\/\" target=\"_blank\" rel=\"noopener\"><img decoding=\"async\" class=\"wp-image-1471\" src=\"https:\/\/tvnotiblog.com\/derealitys\/wp-content\/uploads\/2020\/05\/la-voz-mexico.jpg\" alt=\"\"><\/a><\/td><td class=\"has-text-align-center\" data-align=\"center\"><a href=\"https:\/\/tvnotiblog.com\/recordando-la-academia-primera-generacion\/\"><img decoding=\"async\" class=\"wp-image-1471\" src=\"https:\/\/tvnotiblog.com\/derealitys\/wp-content\/uploads\/2020\/05\/la-academia.jpg\" alt=\"\"><\/a><\/td><\/tr><tr><td><a href=\"https:\/\/tvlogia.com\/pequenos-gigantes-2018\/\" target=\"_blank\" rel=\"noopener\"><img decoding=\"async\" class=\"wp-image-1471\" src=\"https:\/\/tvnotiblog.com\/derealitys\/wp-content\/uploads\/2020\/05\/pequenos-gigantes.jpg\" alt=\"\"><\/a><\/td><td class=\"has-text-align-center\" data-align=\"center\"><a href=\"https:\/\/tvlogia.com\/parodiando-noches-de-traje\/\" target=\"_blank\" rel=\"noopener\"><img decoding=\"async\" class=\"wp-image-1471\" src=\"https:\/\/tvnotiblog.com\/derealitys\/wp-content\/uploads\/2020\/05\/parodiando.jpg\" alt=\"\"><\/a><\/td><\/tr><tr><td><a href=\"https:\/\/tvnotiblog.com\/buscando-a-timbiriche-la-nueva-banda\/\"><img loading=\"lazy\" decoding=\"async\" width=\"475\" height=\"257\" class=\"wp-image-1471\" src=\"https:\/\/tvnotiblog.com\/derealitys\/wp-content\/uploads\/2019\/11\/buscando-a-timbiriche-la-nueva-banda.jpg\" alt=\"\"><\/a><\/td><td class=\"has-text-align-center\" data-align=\"center\"><a href=\"https:\/\/tvnotiblog.com\/high-school-musical-la-seleccion\/\"><img loading=\"lazy\" decoding=\"async\" width=\"475\" height=\"257\" class=\"wp-image-1472\" src=\"https:\/\/tvnotiblog.com\/derealitys\/wp-content\/uploads\/2019\/11\/hsm.jpg\" alt=\"\"><\/a><\/td><\/tr><tr><td><a href=\"https:\/\/tvlogia.com\/bailando-por-un-sueno-2014\/\" target=\"_blank\" rel=\"noopener\"><img loading=\"lazy\" decoding=\"async\" width=\"475\" height=\"257\" class=\"wp-image-1473\" src=\"https:\/\/tvnotiblog.com\/derealitys\/wp-content\/uploads\/2019\/11\/bailando-por-un-sueno.jpg\" alt=\"\"><\/a><\/td><td class=\"has-text-align-center\" data-align=\"center\"><a href=\"https:\/\/tvlogia.com\/primer-campeonato-internacional-de-baile\/\" target=\"_blank\" rel=\"noopener\"><img loading=\"lazy\" decoding=\"async\" width=\"475\" height=\"257\" class=\"wp-image-1468\" src=\"https:\/\/tvnotiblog.com\/derealitys\/wp-content\/uploads\/2019\/11\/primercampeonatodebaile.jpg\" alt=\"\"><\/a><\/td><\/tr><tr><td><a href=\"https:\/\/tvlogia.com\/latin-american-idol-2\/\" target=\"_blank\" rel=\"noopener\"><img loading=\"lazy\" decoding=\"async\" width=\"475\" height=\"257\" class=\"wp-image-1469\" src=\"https:\/\/tvnotiblog.com\/derealitys\/wp-content\/uploads\/2019\/11\/latin-american-idol.jpg\" alt=\"\"><\/a><\/td><td class=\"has-text-align-center\" data-align=\"center\"><a href=\"https:\/\/tvlogia.com\/cuanto-quieres-perder\/\" target=\"_blank\" rel=\"noopener\"><img loading=\"lazy\" decoding=\"async\" width=\"475\" height=\"257\" class=\"wp-image-1470\" src=\"https:\/\/tvnotiblog.com\/derealitys\/wp-content\/uploads\/2019\/11\/cuanto-quieres-perder-1.jpg\" alt=\"\"><\/a><\/td><\/tr><tr><td><a href=\"https:\/\/tvlogia.com\/disco-de-oro-de-tv-azteca\/\" target=\"_blank\" rel=\"noopener\"><img decoding=\"async\" class=\"wp-image-1469\" src=\"https:\/\/tvnotiblog.com\/derealitys\/wp-content\/uploads\/2020\/05\/reality-disco-de-oro.jpg\" alt=\"\"><\/a><\/td><td class=\"has-text-align-center\" data-align=\"center\"><a href=\"https:\/\/tvlogia.com\/los-5-magnificos\/\" target=\"_blank\" rel=\"noopener\"><img decoding=\"async\" class=\"wp-image-1470\" src=\"https:\/\/tvnotiblog.com\/derealitys\/wp-content\/uploads\/2020\/05\/reality-los-5-magnificos.jpg\" alt=\"\"><\/a><\/td><\/tr><tr><td><a href=\"https:\/\/tvlogia.com\/el-show-de-los-suenos\/\" target=\"_blank\" rel=\"noopener\"><img decoding=\"async\" class=\"wp-image-1469\" src=\"https:\/\/tvnotiblog.com\/derealitys\/wp-content\/uploads\/2020\/05\/reality-el-show-de-los-suenos.jpg\" alt=\"\"><\/a><\/td><td class=\"has-text-align-center\" data-align=\"center\"><a href=\"https:\/\/tvlogia.com\/reality-hazme-reir-de-televisa\/\" target=\"_blank\" rel=\"noopener\"><img decoding=\"async\" class=\"wp-image-1470\" src=\"https:\/\/tvnotiblog.com\/derealitys\/wp-content\/uploads\/2020\/05\/reality-hazme-reir-y-seras-millonario.jpg\" alt=\"\"><\/a><\/td><\/tr><\/tbody><\/table><\/figure>\n","protected":false},"excerpt":{"rendered":"<p>Archivo de Realitys en M\u00e9xico: La Voz &#8211; Kids, Peque\u00f1os Gigantes, Buscando a Timbiriche la Nueva Banda, High School Musical, La Academia, Parodiando, Bailando por un sue\u00f1o, 1er Campeonato Internacional de Baile, \u00bfCu\u00e1nto quieres perder?, Latin American Idol, Disco de Oro, Los 5 Magn\u00edficos, El Show de los Sue\u00f1os (Amigos del Alma, Sangre de mi [&hellip;]<\/p>\n","protected":false},"author":1,"featured_media":3298,"parent":0,"menu_order":0,"comment_status":"closed","ping_status":"closed","template":"","meta":{"_genesis_hide_title":false,"_genesis_hide_breadcrumbs":false,"_genesis_hide_singular_image":true,"_genesis_hide_footer_widgets":false,"_genesis_custom_body_class":"","_genesis_custom_post_class":"","_genesis_layout":"full-width-content","footnotes":""},"class_list":{"0":"post-1467","1":"page","2":"type-page","3":"status-publish","4":"has-post-thumbnail","6":"entry"},"featured_image_src":"https:\/\/tvnotiblog.com\/derealitys\/wp-content\/uploads\/2020\/05\/derealitys-tvnb-min.jpg","featured_image_src_square":"https:\/\/tvnotiblog.com\/derealitys\/wp-content\/uploads\/2020\/05\/derealitys-tvnb-min.jpg","_links":{"self":[{"href":"https:\/\/tvnotiblog.com\/derealitys\/wp-json\/wp\/v2\/pages\/1467","targetHints":{"allow":["GET"]}}],"collection":[{"href":"https:\/\/tvnotiblog.com\/derealitys\/wp-json\/wp\/v2\/pages"}],"about":[{"href":"https:\/\/tvnotiblog.com\/derealitys\/wp-json\/wp\/v2\/types\/page"}],"author":[{"embeddable":true,"href":"https:\/\/tvnotiblog.com\/derealitys\/wp-json\/wp\/v2\/users\/1"}],"replies":[{"embeddable":true,"href":"https:\/\/tvnotiblog.com\/derealitys\/wp-json\/wp\/v2\/comments?post=1467"}],"version-history":[{"count":2,"href":"https:\/\/tvnotiblog.com\/derealitys\/wp-json\/wp\/v2\/pages\/1467\/revisions"}],"predecessor-version":[{"id":16719,"href":"https:\/\/tvnotiblog.com\/derealitys\/wp-json\/wp\/v2\/pages\/1467\/revisions\/16719"}],"wp:featuredmedia":[{"embeddable":true,"href":"https:\/\/tvnotiblog.com\/derealitys\/wp-json\/wp\/v2\/media\/3298"}],"wp:attachment":[{"href":"https:\/\/tvnotiblog.com\/derealitys\/wp-json\/wp\/v2\/media?parent=1467"}],"curies":[{"name":"wp","href":"https:\/\/api.w.org\/{rel}","templated":true}]}}